{"id":1199,"date":"2021-02-16T13:03:20","date_gmt":"2021-02-16T13:03:20","guid":{"rendered":"https:\/\/beerzehotel.com\/cultuurboerderij\/"},"modified":"2021-10-27T08:12:44","modified_gmt":"2021-10-27T08:12:44","slug":"kulturscheune","status":"publish","type":"page","link":"https:\/\/beerzehotel.com\/de\/kulturscheune\/","title":{"rendered":"Die \u201eKulturscheune\u201c"},"content":{"rendered":"<p>Die Kulturscheune bietet ein abwechslungsreiches Programm an Kunst- und Kulturaktivit\u00e4ten. Die Palette reicht von Lesungen \u00fcber Musikveranstaltungen bis hin zu Ausstellungen oder Kleinkunstabenden, sodass f\u00fcr jeden Geschmack etwas dabei ist. Sehen Sie sich das Programm \u00fcber den link an.<\/p>\n<p style=\"text-align: center;\"><a class=\"button\" href=\"https:\/\/www.cultuurboerderij.nl\/agenda.htm\" target=\"_blank\" rel=\"noopener\">Mehr Informationen<\/a><\/p>\n","protected":false},"excerpt":{"rendered":"<p>Die Kulturscheune bietet ein abwechslungsreiches Programm an Kunst- und Kulturaktivit\u00e4ten. Die Palette reicht von Lesungen \u00fcber Musikveranstaltungen bis hin zu Ausstellungen oder Kleinkunstabenden, sodass f\u00fcr jeden Geschmack etwas dabei ist.<\/p>\n","protected":false},"author":1,"featured_media":1040,"parent":0,"menu_order":0,"comment_status":"closed","ping_status":"closed","template":"","meta":{"_seopress_robots_primary_cat":"","_seopress_titles_title":"","_seopress_titles_desc":"","_seopress_robots_index":"","inline_featured_image":false,"footnotes":""},"class_list":["post-1199","page","type-page","status-publish","has-post-thumbnail","hentry"],"_links":{"self":[{"href":"https:\/\/beerzehotel.com\/de\/wp-json\/wp\/v2\/pages\/1199","targetHints":{"allow":["GET"]}}],"collection":[{"href":"https:\/\/beerzehotel.com\/de\/wp-json\/wp\/v2\/pages"}],"about":[{"href":"https:\/\/beerzehotel.com\/de\/wp-json\/wp\/v2\/types\/page"}],"author":[{"embeddable":true,"href":"https:\/\/beerzehotel.com\/de\/wp-json\/wp\/v2\/users\/1"}],"replies":[{"embeddable":true,"href":"https:\/\/beerzehotel.com\/de\/wp-json\/wp\/v2\/comments?post=1199"}],"version-history":[{"count":5,"href":"https:\/\/beerzehotel.com\/de\/wp-json\/wp\/v2\/pages\/1199\/revisions"}],"predecessor-version":[{"id":1432,"href":"https:\/\/beerzehotel.com\/de\/wp-json\/wp\/v2\/pages\/1199\/revisions\/1432"}],"wp:featuredmedia":[{"embeddable":true,"href":"https:\/\/beerzehotel.com\/de\/wp-json\/wp\/v2\/media\/1040"}],"wp:attachment":[{"href":"https:\/\/beerzehotel.com\/de\/wp-json\/wp\/v2\/media?parent=1199"}],"curies":[{"name":"wp","href":"https:\/\/api.w.org\/{rel}","templated":true}]}}