{"id":1393,"date":"2018-03-05T10:27:30","date_gmt":"2018-03-05T10:27:30","guid":{"rendered":"https:\/\/beerzehotel.com\/restaurant\/"},"modified":"2023-07-29T17:06:14","modified_gmt":"2023-07-29T15:06:14","slug":"restaurant","status":"publish","type":"page","link":"https:\/\/beerzehotel.com\/de\/restaurant\/","title":{"rendered":"Restaurant"},"content":{"rendered":"<p class=\"western\" lang=\"nl-NL\"><span style=\"color: #000000;\"><span style=\"font-family: Arial, serif;\"><span style=\"font-size: small;\"><span lang=\"de-DE\">Besuchen Sie das Brauerei Caf\u00e9-Restaurant \u201eMout &amp; Hout\u201c auf ein Bierchen, einen Drink am Abend oder zu einem Mittag- und Abendessen. Lassen Sie sich von lokalen, ehrlichen Produkten und Gerichten im Stil der klassischen franz\u00f6sischen K\u00fcche \u00fcberraschen! Nat\u00fcrlich f\u00fcgt unser K\u00fcchenchef dem Ganzen zus\u00e4tzlich seine ganz pers\u00f6nliche Note hinzu. Im Sommer laden die wundersch\u00f6ne Terrasse und der gr\u00fcne Brauereigarten mitten im Ort zu einem lauschigen Nachmittag oder kulinarischen Abend ein. www.moutenhout.nl\u00a0<\/span><\/span><\/span><\/span><\/p>\n","protected":false},"excerpt":{"rendered":"<p>Besuchen Sie das Brauerei Caf\u00e9-Restaurant \u201eMout &amp; Hout\u201c auf ein Bierchen, einen Drink am Abend oder zu einem Mittag- und Abendessen. Lassen Sie sich von lokalen, ehrlichen Produkten und Gerichten im Stil der klassischen franz\u00f6sischen K\u00fcche \u00fcberraschen! Nat\u00fcrlich f\u00fcgt unser K\u00fcchenchef dem Ganzen zus\u00e4tzlich seine ganz pers\u00f6nliche Note hinzu. Im Sommer laden die wundersch\u00f6ne Terrasse [&hellip;]<\/p>\n","protected":false},"author":1,"featured_media":0,"parent":0,"menu_order":0,"comment_status":"closed","ping_status":"closed","template":"","meta":{"_seopress_robots_primary_cat":"","_seopress_titles_title":"","_seopress_titles_desc":"","_seopress_robots_index":"","inline_featured_image":false,"footnotes":""},"class_list":["post-1393","page","type-page","status-publish","hentry"],"_links":{"self":[{"href":"https:\/\/beerzehotel.com\/de\/wp-json\/wp\/v2\/pages\/1393","targetHints":{"allow":["GET"]}}],"collection":[{"href":"https:\/\/beerzehotel.com\/de\/wp-json\/wp\/v2\/pages"}],"about":[{"href":"https:\/\/beerzehotel.com\/de\/wp-json\/wp\/v2\/types\/page"}],"author":[{"embeddable":true,"href":"https:\/\/beerzehotel.com\/de\/wp-json\/wp\/v2\/users\/1"}],"replies":[{"embeddable":true,"href":"https:\/\/beerzehotel.com\/de\/wp-json\/wp\/v2\/comments?post=1393"}],"version-history":[{"count":5,"href":"https:\/\/beerzehotel.com\/de\/wp-json\/wp\/v2\/pages\/1393\/revisions"}],"predecessor-version":[{"id":1599,"href":"https:\/\/beerzehotel.com\/de\/wp-json\/wp\/v2\/pages\/1393\/revisions\/1599"}],"wp:attachment":[{"href":"https:\/\/beerzehotel.com\/de\/wp-json\/wp\/v2\/media?parent=1393"}],"curies":[{"name":"wp","href":"https:\/\/api.w.org\/{rel}","templated":true}]}}