{"id":1399,"date":"2018-03-05T10:27:30","date_gmt":"2018-03-05T10:27:30","guid":{"rendered":"https:\/\/beerzehotel.com\/trouwen-met-alles-op-een-locatie\/"},"modified":"2023-04-20T12:31:39","modified_gmt":"2023-04-20T10:31:39","slug":"ihre-hochzeitsfeier-im-mouthout","status":"publish","type":"page","link":"https:\/\/beerzehotel.com\/de\/ihre-hochzeitsfeier-im-mouthout\/","title":{"rendered":"Ihre Hochzeitsfeier im \u201eMOUT&#038;HOUT\u201c"},"content":{"rendered":"<p>Unser Brauerei-Restaurant ist ein ganz besonderer Platz f\u00fcr Ihre unvergessliche Hochzeitsfeier. Hier k\u00f6nnen Sie alles bequem vor Ort organisieren: Von der feierlichen Trauung bis zur Party f\u00fcr die Hochzeitsg\u00e4ste am Abend. Wenn das Wetter sch\u00f6n ist, k\u00f6nnen die Trauung und die Feier sogar im gr\u00fcnen Brauereigarten stattfinden. Nach der Feier \u00fcbernachten Sie und ihre Lieben dann in unseren Hotelsuiten.<\/p>\n","protected":false},"excerpt":{"rendered":"<p>Unser Brauerei-Restaurant ist ein ganz besonderer Platz f\u00fcr Ihre unvergessliche Hochzeitsfeier. Hier k\u00f6nnen Sie alles bequem vor Ort organisieren: Von der feierlichen Trauung bis zur Party f\u00fcr die Hochzeitsg\u00e4ste am Abend. Wenn das Wetter sch\u00f6n ist, k\u00f6nnen die Trauung und die Feier sogar im gr\u00fcnen Brauereigarten stattfinden. Nach der Feier \u00fcbernachten Sie und ihre Lieben [&hellip;]<\/p>\n","protected":false},"author":1,"featured_media":1574,"parent":0,"menu_order":0,"comment_status":"closed","ping_status":"closed","template":"","meta":{"_seopress_robots_primary_cat":"","_seopress_titles_title":"","_seopress_titles_desc":"","_seopress_robots_index":"","inline_featured_image":false,"footnotes":""},"class_list":["post-1399","page","type-page","status-publish","has-post-thumbnail","hentry"],"_links":{"self":[{"href":"https:\/\/beerzehotel.com\/de\/wp-json\/wp\/v2\/pages\/1399","targetHints":{"allow":["GET"]}}],"collection":[{"href":"https:\/\/beerzehotel.com\/de\/wp-json\/wp\/v2\/pages"}],"about":[{"href":"https:\/\/beerzehotel.com\/de\/wp-json\/wp\/v2\/types\/page"}],"author":[{"embeddable":true,"href":"https:\/\/beerzehotel.com\/de\/wp-json\/wp\/v2\/users\/1"}],"replies":[{"embeddable":true,"href":"https:\/\/beerzehotel.com\/de\/wp-json\/wp\/v2\/comments?post=1399"}],"version-history":[{"count":3,"href":"https:\/\/beerzehotel.com\/de\/wp-json\/wp\/v2\/pages\/1399\/revisions"}],"predecessor-version":[{"id":1581,"href":"https:\/\/beerzehotel.com\/de\/wp-json\/wp\/v2\/pages\/1399\/revisions\/1581"}],"wp:featuredmedia":[{"embeddable":true,"href":"https:\/\/beerzehotel.com\/de\/wp-json\/wp\/v2\/media\/1574"}],"wp:attachment":[{"href":"https:\/\/beerzehotel.com\/de\/wp-json\/wp\/v2\/media?parent=1399"}],"curies":[{"name":"wp","href":"https:\/\/api.w.org\/{rel}","templated":true}]}}