{"id":1404,"date":"2018-03-05T10:27:30","date_gmt":"2018-03-05T10:27:30","guid":{"rendered":"https:\/\/beerzehotel.com\/proostfeest\/"},"modified":"2021-10-27T08:12:44","modified_gmt":"2021-10-27T08:12:44","slug":"proostfeest","status":"publish","type":"page","link":"https:\/\/beerzehotel.com\/de\/proostfeest\/","title":{"rendered":"Proostfeest"},"content":{"rendered":"<p>Immer am ersten Wochenende im September organisieren wir unser traditionelles Musik-, Bier- und BBQ-Festival im Brauerei-Biergarten. Bei dieser Gelegenheit schenken wir nicht nur unsere eigenen \u201eBeerze\u201c-Biersorten aus, sondern auch eine gro\u00dfe Anzahl Biere befreundeter Brauereien.<\/p>\n<p>Der Ursprung dieses Events war ein Fest f\u00fcr alle Freunde der \u201eBeerze\u201c-Biere, f\u00fcr die Familie, Verwandte und Bekannte, um einmal im Jahr gemeinsam zu feiern und auf das gute Leben anzusto\u00dfen. Es hat sich inzwischen zu einem richtigen Bier-Festival entwickelt, zu dem alle eingeladen sind, die das besondere Gef\u00fchl beim Zuprosten und geselligen Beisammensein teilen wollen.<\/p>\n<p>Genie\u00dfen Sie die lebensbejahende, herzliche Atmosph\u00e4re mit viel Musik, den besonderen Biersorten und vielf\u00e4ltigen kulinarischen K\u00f6stlichkeiten bei diesem geselligen und famili\u00e4ren Bier-Event mitten in Vessem!<\/p>\n","protected":false},"excerpt":{"rendered":"<p>Immer am ersten Wochenende im September organisieren wir unser traditionelles Musik-, Bier- und BBQ-Festival im Brauerei-Biergarten. Bei dieser Gelegenheit schenken wir nicht nur unsere eigenen \u201eBeerze\u201c-Biersorten aus, sondern auch eine gro\u00dfe Anzahl Biere befreundeter Brauereien. Der Ursprung dieses Events war ein Fest f\u00fcr alle Freunde der \u201eBeerze\u201c-Biere, f\u00fcr die Familie, Verwandte und Bekannte, um einmal [&hellip;]<\/p>\n","protected":false},"author":1,"featured_media":948,"parent":0,"menu_order":0,"comment_status":"closed","ping_status":"closed","template":"","meta":{"_seopress_robots_primary_cat":"","_seopress_titles_title":"","_seopress_titles_desc":"","_seopress_robots_index":"","inline_featured_image":false,"footnotes":""},"class_list":["post-1404","page","type-page","status-publish","has-post-thumbnail","hentry"],"_links":{"self":[{"href":"https:\/\/beerzehotel.com\/de\/wp-json\/wp\/v2\/pages\/1404","targetHints":{"allow":["GET"]}}],"collection":[{"href":"https:\/\/beerzehotel.com\/de\/wp-json\/wp\/v2\/pages"}],"about":[{"href":"https:\/\/beerzehotel.com\/de\/wp-json\/wp\/v2\/types\/page"}],"author":[{"embeddable":true,"href":"https:\/\/beerzehotel.com\/de\/wp-json\/wp\/v2\/users\/1"}],"replies":[{"embeddable":true,"href":"https:\/\/beerzehotel.com\/de\/wp-json\/wp\/v2\/comments?post=1404"}],"version-history":[{"count":3,"href":"https:\/\/beerzehotel.com\/de\/wp-json\/wp\/v2\/pages\/1404\/revisions"}],"predecessor-version":[{"id":1407,"href":"https:\/\/beerzehotel.com\/de\/wp-json\/wp\/v2\/pages\/1404\/revisions\/1407"}],"wp:featuredmedia":[{"embeddable":true,"href":"https:\/\/beerzehotel.com\/de\/wp-json\/wp\/v2\/media\/948"}],"wp:attachment":[{"href":"https:\/\/beerzehotel.com\/de\/wp-json\/wp\/v2\/media?parent=1404"}],"curies":[{"name":"wp","href":"https:\/\/api.w.org\/{rel}","templated":true}]}}