{"id":1410,"date":"2018-03-05T10:27:30","date_gmt":"2018-03-05T10:27:30","guid":{"rendered":"https:\/\/beerzehotel.com\/omgeving\/"},"modified":"2021-10-27T08:12:44","modified_gmt":"2021-10-27T08:12:44","slug":"omgeving","status":"publish","type":"page","link":"https:\/\/beerzehotel.com\/de\/omgeving\/","title":{"rendered":"Umgebung"},"content":{"rendered":"<p>Das \u201eBeerze\u201c-Brauerei-Hotel blickt auf eine lange und bewegte Geschichte zur\u00fcck. Seit mehr als drei Jahrhunderten liegt die Brauerei am zentralen Dorfplatz. Historische Dokumente belegen, dass sie bereits vor dem Jahr 1716 an dieser Stelle existierte. Heute steht das restaurierte historische Geb\u00e4udeensemble unter Denkmalschutz.<\/p>\n<p>Die Gemeinde Vessem ist bekannt f\u00fcr ihre historischen Sehensw\u00fcrdigkeiten, wie etwa die Lambertuskirche mit Malereien aus dem Jahr 1882 von Jos Lommen, einem Sch\u00fcler Pierre Cuypers\u2019. Oder die historische Getreidem\u00fchle Jacobus, welche die gr\u00f6\u00dfte dieser Art in den Niederlanden ist. Alle Sehensw\u00fcrdigkeiten im Ortskern k\u00f6nnen bei einem gem\u00fctlichen Dorfrundgang erkundet werden. .<\/p>\n","protected":false},"excerpt":{"rendered":"<p>Das \u201eBeerze\u201c-Brauerei-Hotel blickt auf eine lange und bewegte Geschichte zur\u00fcck. Seit mehr als drei Jahrhunderten liegt die Brauerei am zentralen Dorfplatz. Historische Dokumente belegen, dass sie bereits vor dem Jahr 1716 an dieser Stelle existierte. Heute steht das restaurierte historische Geb\u00e4udeensemble unter Denkmalschutz. Die Gemeinde Vessem ist bekannt f\u00fcr ihre historischen Sehensw\u00fcrdigkeiten, wie etwa die [&hellip;]<\/p>\n","protected":false},"author":1,"featured_media":904,"parent":0,"menu_order":0,"comment_status":"closed","ping_status":"closed","template":"","meta":{"_seopress_robots_primary_cat":"","_seopress_titles_title":"","_seopress_titles_desc":"","_seopress_robots_index":"","inline_featured_image":false,"footnotes":""},"class_list":["post-1410","page","type-page","status-publish","has-post-thumbnail","hentry"],"_links":{"self":[{"href":"https:\/\/beerzehotel.com\/de\/wp-json\/wp\/v2\/pages\/1410","targetHints":{"allow":["GET"]}}],"collection":[{"href":"https:\/\/beerzehotel.com\/de\/wp-json\/wp\/v2\/pages"}],"about":[{"href":"https:\/\/beerzehotel.com\/de\/wp-json\/wp\/v2\/types\/page"}],"author":[{"embeddable":true,"href":"https:\/\/beerzehotel.com\/de\/wp-json\/wp\/v2\/users\/1"}],"replies":[{"embeddable":true,"href":"https:\/\/beerzehotel.com\/de\/wp-json\/wp\/v2\/comments?post=1410"}],"version-history":[{"count":2,"href":"https:\/\/beerzehotel.com\/de\/wp-json\/wp\/v2\/pages\/1410\/revisions"}],"predecessor-version":[{"id":1412,"href":"https:\/\/beerzehotel.com\/de\/wp-json\/wp\/v2\/pages\/1410\/revisions\/1412"}],"wp:featuredmedia":[{"embeddable":true,"href":"https:\/\/beerzehotel.com\/de\/wp-json\/wp\/v2\/media\/904"}],"wp:attachment":[{"href":"https:\/\/beerzehotel.com\/de\/wp-json\/wp\/v2\/media?parent=1410"}],"curies":[{"name":"wp","href":"https:\/\/api.w.org\/{rel}","templated":true}]}}