{"id":1417,"date":"2021-02-16T12:52:31","date_gmt":"2021-02-16T12:52:31","guid":{"rendered":"https:\/\/beerzehotel.com\/landschotse-heide\/"},"modified":"2021-10-27T08:12:44","modified_gmt":"2021-10-27T08:12:44","slug":"landschotse-heide","status":"publish","type":"page","link":"https:\/\/beerzehotel.com\/de\/landschotse-heide\/","title":{"rendered":"Die Landschotse Heide"},"content":{"rendered":"<p>Das Naturschutzgebiet <strong>\u201eLandschotse Heide\u201c<\/strong> zeichnet sich durch zahlreiche gro\u00dfe Seen und Teiche aus, in denen Watv\u00f6gel und andere Wasserv\u00f6gel beheimatet sind. In dieser sch\u00f6nen Umgebung k\u00f6nnen Sie die Natur genie\u00dfen und lange Spazierg\u00e4nge unternehmen. Leider war diese Gegend nicht immer so ruhig und friedlich: W\u00e4hrend des Zweiten Weltkriegs trainierte die Deutsche Wehrmacht hier den Abwurf von Bomben auf Schiffe. Einige \u00dcberreste aus dieser schlimmen Zeit sind an manchen Stellen noch zu sehen.<\/p>\n<p style=\"text-align: center;\"><a class=\"button\" href=\"https:\/\/www.klikprintenwandel.nl\/wandelroutes\/landschotsche-heidetocht\/\" target=\"_blank\" rel=\"noopener\">Mehr Informationen<\/a><\/p>\n","protected":false},"excerpt":{"rendered":"<p>Das Naturschutzgebiet \u201eLandschotse Heide\u201c zeichnet sich durch zahlreiche gro\u00dfe Seen und Teiche aus, in denen Watv\u00f6gel und andere Wasserv\u00f6gel beheimatet sind. [\u2026]<\/p>\n","protected":false},"author":1,"featured_media":1049,"parent":0,"menu_order":0,"comment_status":"closed","ping_status":"closed","template":"","meta":{"_seopress_robots_primary_cat":"","_seopress_titles_title":"","_seopress_titles_desc":"","_seopress_robots_index":"","inline_featured_image":false,"footnotes":""},"class_list":["post-1417","page","type-page","status-publish","has-post-thumbnail","hentry"],"_links":{"self":[{"href":"https:\/\/beerzehotel.com\/de\/wp-json\/wp\/v2\/pages\/1417","targetHints":{"allow":["GET"]}}],"collection":[{"href":"https:\/\/beerzehotel.com\/de\/wp-json\/wp\/v2\/pages"}],"about":[{"href":"https:\/\/beerzehotel.com\/de\/wp-json\/wp\/v2\/types\/page"}],"author":[{"embeddable":true,"href":"https:\/\/beerzehotel.com\/de\/wp-json\/wp\/v2\/users\/1"}],"replies":[{"embeddable":true,"href":"https:\/\/beerzehotel.com\/de\/wp-json\/wp\/v2\/comments?post=1417"}],"version-history":[{"count":2,"href":"https:\/\/beerzehotel.com\/de\/wp-json\/wp\/v2\/pages\/1417\/revisions"}],"predecessor-version":[{"id":1419,"href":"https:\/\/beerzehotel.com\/de\/wp-json\/wp\/v2\/pages\/1417\/revisions\/1419"}],"wp:featuredmedia":[{"embeddable":true,"href":"https:\/\/beerzehotel.com\/de\/wp-json\/wp\/v2\/media\/1049"}],"wp:attachment":[{"href":"https:\/\/beerzehotel.com\/de\/wp-json\/wp\/v2\/media?parent=1417"}],"curies":[{"name":"wp","href":"https:\/\/api.w.org\/{rel}","templated":true}]}}