{"id":1422,"date":"2021-03-23T11:26:18","date_gmt":"2021-03-23T11:26:18","guid":{"rendered":"https:\/\/beerzehotel.com\/restaurant-promessa\/"},"modified":"2021-10-27T08:12:44","modified_gmt":"2021-10-27T08:12:44","slug":"restaurant-promessa","status":"publish","type":"page","link":"https:\/\/beerzehotel.com\/de\/restaurant-promessa\/","title":{"rendered":"Das Restaurant \u201ePromessa\u201c"},"content":{"rendered":"<p>F\u00fcr ein gehobenes kulinarisches Mahl empfehlen wir das Restaurant \u201ePromessa\u201c am gro\u00dfen Marktplatz von Eersel (Entfernung: ca. 7,8 km). Das Haus wurde mit einem \u201eBiB Gourmand\u201c (Guide Michelin) ausgeszeichnet. Vom Motto: \u201eEssen ist Kunst\u201c k\u00f6nnen Sie sich bei einem Abendessen ausgiebig \u00fcberzeugen lassen. Wir empfehlen dieses Restaurant vor allem w\u00e4hrend der Jagdsaison, weil die gehobene Wildk\u00fcche wirklich zu den Spezialit\u00e4ten der dortigen K\u00fcche z\u00e4hlt.<\/p>\n<p class=\"highlight\">Kontakt: Markt 3, 5521 AJ Eersel (ca. 7 bis 8 Minuten mit dem Auto)<br \/>\nGe\u00f6ffnet: Mittwoch bis Samstag ab 17 Uhr, sonntags ab 14 Uhr<\/p>\n<p style=\"text-align: center;\"><a class=\"button\" href=\"https:\/\/www.promessa.nl\/\" target=\"_blank\" rel=\"noopener\">Mehr Informationen<\/a><\/p>\n","protected":false},"excerpt":{"rendered":"<p>F\u00fcr ein gehobenes kulinarisches Mahl empfehlen wir das Restaurant \u201ePromessa\u201c am gro\u00dfen Marktplatz von Eersel (Entfernung: ca. 7,8 km). Das Haus wurde mit einem \u201eBiB Gourmand\u201c (Guide Michelin) ausgeszeichnet. Vom Motto: \u201eEssen ist Kunst\u201c.<\/p>\n","protected":false},"author":1,"featured_media":934,"parent":0,"menu_order":0,"comment_status":"closed","ping_status":"closed","template":"","meta":{"_seopress_robots_primary_cat":"","_seopress_titles_title":"","_seopress_titles_desc":"","_seopress_robots_index":"","inline_featured_image":false,"footnotes":""},"class_list":["post-1422","page","type-page","status-publish","has-post-thumbnail","hentry"],"_links":{"self":[{"href":"https:\/\/beerzehotel.com\/de\/wp-json\/wp\/v2\/pages\/1422","targetHints":{"allow":["GET"]}}],"collection":[{"href":"https:\/\/beerzehotel.com\/de\/wp-json\/wp\/v2\/pages"}],"about":[{"href":"https:\/\/beerzehotel.com\/de\/wp-json\/wp\/v2\/types\/page"}],"author":[{"embeddable":true,"href":"https:\/\/beerzehotel.com\/de\/wp-json\/wp\/v2\/users\/1"}],"replies":[{"embeddable":true,"href":"https:\/\/beerzehotel.com\/de\/wp-json\/wp\/v2\/comments?post=1422"}],"version-history":[{"count":2,"href":"https:\/\/beerzehotel.com\/de\/wp-json\/wp\/v2\/pages\/1422\/revisions"}],"predecessor-version":[{"id":1424,"href":"https:\/\/beerzehotel.com\/de\/wp-json\/wp\/v2\/pages\/1422\/revisions\/1424"}],"wp:featuredmedia":[{"embeddable":true,"href":"https:\/\/beerzehotel.com\/de\/wp-json\/wp\/v2\/media\/934"}],"wp:attachment":[{"href":"https:\/\/beerzehotel.com\/de\/wp-json\/wp\/v2\/media?parent=1422"}],"curies":[{"name":"wp","href":"https:\/\/api.w.org\/{rel}","templated":true}]}}