{"id":1427,"date":"2018-03-05T10:27:30","date_gmt":"2018-03-05T10:27:30","guid":{"rendered":"https:\/\/beerzehotel.com\/kabouterpad-voor-de-kleine-avonturiers\/"},"modified":"2021-10-27T08:12:44","modified_gmt":"2021-10-27T08:12:44","slug":"zwergenpfad-fuer-kleine-abenteurer","status":"publish","type":"page","link":"https:\/\/beerzehotel.com\/de\/zwergenpfad-fuer-kleine-abenteurer\/","title":{"rendered":"Der \u201eZwergenpfad\u201c f\u00fcr kleine Abenteurer"},"content":{"rendered":"<p>Habt ihr gewusst, dass in dieser Gegend wirklich Zwerge leb(t)en? \u00dcberall kann man Zwergenspuren sehen, kleine Fu\u00dfabdr\u00fccke, rote Zwergenm\u00fctzen und von Zeit zu Zeit sogar Zwergenkacke. Sucht also rasch und lauft los auf dem Zwergenpfad! <\/p>\n<p>An der Rezeption des <strong>Freizeitparks \u201eTerSpegelt\u201c<\/strong> k\u00f6nnt ihr eine T\u00fcte mit Leckereien abholen. W\u00e4hrend ihr alle eine h\u00fcbsche rote Zwergenm\u00fctze auf den K\u00f6pfen habt, w\u00e4hlt ihr mit euren Eltern eine Route von 500 bis 1500 Metern aus und lauft los. Im Wegverlauf k\u00f6nnt ihr dann eine Geschichte aus dem Zwergenbuch anh\u00f6ren und echte Zwergenzeichen hinterlassen. Und am Ende bekommt ihr eine nette Zwergen-\u00dcberraschung!<\/p>\n<p style=\"text-align: center;\"><a class=\"button\" href=\"https:\/\/www.tipeersel.nl\/nl\/actief\/outdoor\/item\/4797-kabouterpad\/\" target=\"_blank\" rel=\"noopener\">Mehr Informationen<\/a><\/p>\n","protected":false},"excerpt":{"rendered":"<p>Habt ihr gewusst, dass in dieser Gegend wirklich Zwerge leb(t)en? \u00dcberall kann man Zwergenspuren sehen, kleine Fu\u00dfabdr\u00fccke, rote Zwergenm\u00fctzen und von Zeit zu Zeit sogar Zwergenkacke [\u2026]<\/p>\n","protected":false},"author":1,"featured_media":1043,"parent":0,"menu_order":0,"comment_status":"closed","ping_status":"closed","template":"","meta":{"_seopress_robots_primary_cat":"","_seopress_titles_title":"","_seopress_titles_desc":"","_seopress_robots_index":"","inline_featured_image":false,"footnotes":""},"class_list":["post-1427","page","type-page","status-publish","has-post-thumbnail","hentry"],"_links":{"self":[{"href":"https:\/\/beerzehotel.com\/de\/wp-json\/wp\/v2\/pages\/1427","targetHints":{"allow":["GET"]}}],"collection":[{"href":"https:\/\/beerzehotel.com\/de\/wp-json\/wp\/v2\/pages"}],"about":[{"href":"https:\/\/beerzehotel.com\/de\/wp-json\/wp\/v2\/types\/page"}],"author":[{"embeddable":true,"href":"https:\/\/beerzehotel.com\/de\/wp-json\/wp\/v2\/users\/1"}],"replies":[{"embeddable":true,"href":"https:\/\/beerzehotel.com\/de\/wp-json\/wp\/v2\/comments?post=1427"}],"version-history":[{"count":3,"href":"https:\/\/beerzehotel.com\/de\/wp-json\/wp\/v2\/pages\/1427\/revisions"}],"predecessor-version":[{"id":1430,"href":"https:\/\/beerzehotel.com\/de\/wp-json\/wp\/v2\/pages\/1427\/revisions\/1430"}],"wp:featuredmedia":[{"embeddable":true,"href":"https:\/\/beerzehotel.com\/de\/wp-json\/wp\/v2\/media\/1043"}],"wp:attachment":[{"href":"https:\/\/beerzehotel.com\/de\/wp-json\/wp\/v2\/media?parent=1427"}],"curies":[{"name":"wp","href":"https:\/\/api.w.org\/{rel}","templated":true}]}}