{"id":1437,"date":"2018-03-05T10:27:30","date_gmt":"2018-03-05T10:27:30","guid":{"rendered":"https:\/\/beerzehotel.com\/cartierheide\/"},"modified":"2021-10-27T08:12:44","modified_gmt":"2021-10-27T08:12:44","slug":"cartierheide","status":"publish","type":"page","link":"https:\/\/beerzehotel.com\/de\/cartierheide\/","title":{"rendered":"Cartierheide"},"content":{"rendered":"<p>Der Name <strong>\u201eCartierheide\u201c<\/strong> geht auf den ehemaligen Landbesitzer, Baron Emile der Cartier de Marchienne zur\u00fcck. Der Baron nutzte das Moorland f\u00fcr die Jagd und sch\u00fctzte die Fl\u00e4chen so vor der Rodung. Hier k\u00f6nnen Sie die Stille der Natur genie\u00dfen, die Facetten der Landschaft und die Vielfalt der Tierwelt entdecken, wie etwa die Blindschleiche, den blaufl\u00fcgeligen Grash\u00fcpfer, den kleinen Perlmuttfalter, die Waldeidechse, den Flossensalamander, den Baumfalke und den  Schwarzspecht. Die Cartierheide ist nicht nur der perfekte Platz f\u00fcr Wanderungen oder lange Spazierg\u00e4nge, Sie finden hier auch unz\u00e4hlige Radtouren, MTB-Tracks oder Reitpfade.<\/p>\n<p style=\"text-align: center;\"><a class=\"button\" href=\"https:\/\/www.tipeersel.nl\/nl\/actief\/outdoor\/item\/2615-cartierheide\/\" target=\"_blank\" rel=\"noopener\">Mehr Informationen<\/a><\/p>\n","protected":false},"excerpt":{"rendered":"<p>Der Name \u201eCartierheide\u201c geht auf den ehemaligen Landbesitzer, Baron Emile der Cartier de Marchienne zur\u00fcck. Der Baron nutzte das Moorland f\u00fcr die Jagd und sch\u00fctzte [\u2026]<\/p>\n","protected":false},"author":1,"featured_media":1053,"parent":0,"menu_order":0,"comment_status":"closed","ping_status":"closed","template":"","meta":{"_seopress_robots_primary_cat":"","_seopress_titles_title":"","_seopress_titles_desc":"","_seopress_robots_index":"","inline_featured_image":false,"footnotes":""},"class_list":["post-1437","page","type-page","status-publish","has-post-thumbnail","hentry"],"_links":{"self":[{"href":"https:\/\/beerzehotel.com\/de\/wp-json\/wp\/v2\/pages\/1437","targetHints":{"allow":["GET"]}}],"collection":[{"href":"https:\/\/beerzehotel.com\/de\/wp-json\/wp\/v2\/pages"}],"about":[{"href":"https:\/\/beerzehotel.com\/de\/wp-json\/wp\/v2\/types\/page"}],"author":[{"embeddable":true,"href":"https:\/\/beerzehotel.com\/de\/wp-json\/wp\/v2\/users\/1"}],"replies":[{"embeddable":true,"href":"https:\/\/beerzehotel.com\/de\/wp-json\/wp\/v2\/comments?post=1437"}],"version-history":[{"count":2,"href":"https:\/\/beerzehotel.com\/de\/wp-json\/wp\/v2\/pages\/1437\/revisions"}],"predecessor-version":[{"id":1439,"href":"https:\/\/beerzehotel.com\/de\/wp-json\/wp\/v2\/pages\/1437\/revisions\/1439"}],"wp:featuredmedia":[{"embeddable":true,"href":"https:\/\/beerzehotel.com\/de\/wp-json\/wp\/v2\/media\/1053"}],"wp:attachment":[{"href":"https:\/\/beerzehotel.com\/de\/wp-json\/wp\/v2\/media?parent=1437"}],"curies":[{"name":"wp","href":"https:\/\/api.w.org\/{rel}","templated":true}]}}