{"id":1452,"date":"2018-04-06T08:25:00","date_gmt":"2018-04-06T08:25:00","guid":{"rendered":"https:\/\/beerzehotel.com\/faciliteiten\/"},"modified":"2021-10-28T09:44:07","modified_gmt":"2021-10-28T09:44:07","slug":"anlagen","status":"publish","type":"page","link":"https:\/\/beerzehotel.com\/de\/anlagen\/","title":{"rendered":"Anlagen"},"content":{"rendered":"<div id=\"pl-1452\"  class=\"panel-layout\" ><div id=\"pg-1452-0\"  class=\"panel-grid panel-no-style\" ><div id=\"pgc-1452-0-0\"  class=\"panel-grid-cell\" ><div id=\"panel-1452-0-0-0\" class=\"so-panel widget widget_sow-editor panel-first-child panel-last-child\" data-index=\"0\" ><div\n\t\t\t\n\t\t\tclass=\"so-widget-sow-editor so-widget-sow-editor-base\"\n\t\t\t\n\t\t>\n<div class=\"siteorigin-widget-tinymce textwidget\">\n\t<div class=\"wow_icon_outer_alignnone alignnone\"><div class=\"wow_icon_element_inner\" ><span class=\"wow_icon_element_icon_size_lg wow_icon_element_icon material-icons wb_sunny\" style=\"color:#bf9346 !important;\" >wb_sunny<\/span><\/div><\/div>\n<p><strong>Au\u00dfen<\/strong><br \/>\nTerrasse<br \/>\nGarten<br \/>\nSonnenterrasse<\/p>\n<div class=\"wow_icon_outer_alignnone alignnone\"><div class=\"wow_icon_element_inner\" ><span class=\"wow_icon_element_icon_size_lg wow_icon_element_icon material-icons pets\" style=\"color:#bf9346 !important;\" >pets<\/span><\/div><\/div>\n<p><strong>Haustiere<\/strong><br \/>\nHaustiere in Absprache und nur, wenn und solange keine (\u00dcber-)Belastung f\u00fcr Dritte entsteht (Aufpreis)<\/p>\n<\/div>\n<\/div><\/div><\/div><div id=\"pgc-1452-0-1\"  class=\"panel-grid-cell\" ><div id=\"panel-1452-0-1-0\" class=\"so-panel widget widget_sow-editor panel-first-child panel-last-child\" data-index=\"1\" ><div\n\t\t\t\n\t\t\tclass=\"so-widget-sow-editor so-widget-sow-editor-base\"\n\t\t\t\n\t\t>\n<div class=\"siteorigin-widget-tinymce textwidget\">\n\t<div class=\"wow_icon_outer_alignnone alignnone\"><div class=\"wow_icon_element_inner\" ><span class=\"wow_icon_element_icon_size_lg wow_icon_element_icon material-icons wifi\" style=\"color:#bf9346 !important;\" >wifi<\/span><\/div><\/div>\n<p><strong>Internet<\/strong><br \/>\nWLAN ist im gesamten Geb\u00e4ude verf\u00fcgbar. Dieser Dienst ist kostenlos.<\/p>\n<div class=\"wow_icon_outer_alignnone alignnone\"><div class=\"wow_icon_element_inner\" ><span class=\"wow_icon_element_icon_size_lg wow_icon_element_icon material-icons directions_car\" style=\"color:#bf9346 !important;\" >directions_car<\/span><\/div><\/div>\n<p><strong>Parking<\/strong><br \/>\nKostenlos! Private Parkpl\u00e4tze sind kostenlos. Sie k\u00f6nnen an der Unterkunft parken. Reservierung ist nicht erforderlich.<\/p>\n<div class=\"wow_icon_outer_alignnone alignnone\"><div class=\"wow_icon_element_inner\" ><span class=\"wow_icon_element_icon_size_lg wow_icon_element_icon material-icons local_laundry_service\" style=\"color:#bf9346 !important;\" >local_laundry_service<\/span><\/div><\/div>\n<p><strong>Dienstleistungen<\/strong><br \/>\nT\u00e4glicher Reinigungsservice<br \/>\nW\u00e4scheservice (gegen Geb\u00fchr)<br \/>\n\u00dcberdachter sicherer Fahrradschuppen (nach Absprache)<\/p>\n<\/div>\n<\/div><\/div><\/div><div id=\"pgc-1452-0-2\"  class=\"panel-grid-cell\" ><div id=\"panel-1452-0-2-0\" class=\"so-panel widget widget_sow-editor panel-first-child panel-last-child\" data-index=\"2\" ><div\n\t\t\t\n\t\t\tclass=\"so-widget-sow-editor so-widget-sow-editor-base\"\n\t\t\t\n\t\t>\n<div class=\"siteorigin-widget-tinymce textwidget\">\n\t<div class=\"wow_icon_outer_alignnone alignnone\"><div class=\"wow_icon_element_inner\" ><span class=\"wow_icon_element_icon_size_lg wow_icon_element_icon material-icons playlist_add_check\" style=\"color:#bf9346 !important;\" >playlist_add_check<\/span><\/div><\/div>\n<p><strong>Allgemeines<\/strong><br \/>\nKlimaanlage (Deluxe-Zimmer)<br \/>\nRaucherbereich<br \/>\nNichtraucher im ganzen Haus<br \/>\nHeizung<br \/>\nHochzeitssuite<\/p>\n<div class=\"wow_icon_outer_alignnone alignnone\"><div class=\"wow_icon_element_inner\" ><span class=\"wow_icon_element_icon_size_lg wow_icon_element_icon material-icons language\" style=\"color:#bf9346 !important;\" >language<\/span><\/div><\/div>\n<p><strong>Gesprochene Sprachen<\/strong><br \/>\nNiederl\u00e4ndisch<br \/>\nDeutsch<br \/>\nEnglisch<\/p>\n<\/div>\n<\/div><\/div><\/div><\/div><\/div>","protected":false},"excerpt":{"rendered":"<p>Au\u00dfen Terrasse Garten Sonnenterrasse Haustiere Haustiere in Absprache und nur, wenn und solange keine (\u00dcber-)Belastung f\u00fcr Dritte entsteht (Aufpreis) Internet WLAN ist im gesamten Geb\u00e4ude verf\u00fcgbar. Dieser Dienst ist kostenlos. Parking Kostenlos! Private Parkpl\u00e4tze sind kostenlos. Sie k\u00f6nnen an der Unterkunft parken. Reservierung ist nicht erforderlich. Dienstleistungen T\u00e4glicher Reinigungsservice W\u00e4scheservice (gegen Geb\u00fchr) \u00dcberdachter sicherer Fahrradschuppen [&hellip;]<\/p>\n","protected":false},"author":1,"featured_media":0,"parent":0,"menu_order":0,"comment_status":"closed","ping_status":"closed","template":"","meta":{"_seopress_robots_primary_cat":"","_seopress_titles_title":"","_seopress_titles_desc":"","_seopress_robots_index":"","inline_featured_image":false,"footnotes":""},"class_list":["post-1452","page","type-page","status-publish","hentry"],"_links":{"self":[{"href":"https:\/\/beerzehotel.com\/de\/wp-json\/wp\/v2\/pages\/1452","targetHints":{"allow":["GET"]}}],"collection":[{"href":"https:\/\/beerzehotel.com\/de\/wp-json\/wp\/v2\/pages"}],"about":[{"href":"https:\/\/beerzehotel.com\/de\/wp-json\/wp\/v2\/types\/page"}],"author":[{"embeddable":true,"href":"https:\/\/beerzehotel.com\/de\/wp-json\/wp\/v2\/users\/1"}],"replies":[{"embeddable":true,"href":"https:\/\/beerzehotel.com\/de\/wp-json\/wp\/v2\/comments?post=1452"}],"version-history":[{"count":4,"href":"https:\/\/beerzehotel.com\/de\/wp-json\/wp\/v2\/pages\/1452\/revisions"}],"predecessor-version":[{"id":1453,"href":"https:\/\/beerzehotel.com\/de\/wp-json\/wp\/v2\/pages\/1452\/revisions\/1453"}],"wp:attachment":[{"href":"https:\/\/beerzehotel.com\/de\/wp-json\/wp\/v2\/media?parent=1452"}],"curies":[{"name":"wp","href":"https:\/\/api.w.org\/{rel}","templated":true}]}}